{"id":491,"date":"2024-12-24T17:11:42","date_gmt":"2024-12-24T16:11:42","guid":{"rendered":"https:\/\/marbellaarena.com\/?page_id=491"},"modified":"2024-12-26T21:00:24","modified_gmt":"2024-12-26T20:00:24","slug":"programacion","status":"publish","type":"page","link":"https:\/\/kktwa.com\/marbellaarena\/programacion\/","title":{"rendered":"Programaci\u00f3n"},"content":{"rendered":"\t\t<div data-elementor-type=\"wp-page\" data-elementor-id=\"491\" class=\"elementor elementor-491\">\n\t\t\t\t\t\t<section class=\"elementor-section elementor-top-section elementor-element elementor-element-da2aa74 elementor-section-full_width elementor-section-height-default elementor-section-height-default\" data-id=\"da2aa74\" data-element_type=\"section\" data-e-type=\"section\" data-settings=\"{&quot;background_background&quot;:&quot;classic&quot;}\">\n\t\t\t\t\t\t<div class=\"elementor-container elementor-column-gap-default\">\n\t\t\t\t\t<div class=\"elementor-column elementor-col-100 elementor-top-column elementor-element elementor-element-211ba82\" data-id=\"211ba82\" data-element_type=\"column\" data-e-type=\"column\">\n\t\t\t<div class=\"elementor-widget-wrap elementor-element-populated\">\n\t\t\t\t\t\t<div class=\"elementor-element elementor-element-3ef5ce4 elementor-widget elementor-widget-spacer\" data-id=\"3ef5ce4\" data-element_type=\"widget\" data-e-type=\"widget\" data-widget_type=\"spacer.default\">\n\t\t\t\t<div class=\"elementor-widget-container\">\n\t\t\t\t\t\t\t<div class=\"elementor-spacer\">\n\t\t\t<div class=\"elementor-spacer-inner\"><\/div>\n\t\t<\/div>\n\t\t\t\t\t\t<\/div>\n\t\t\t\t<\/div>\n\t\t\t\t<section class=\"elementor-section elementor-inner-section elementor-element elementor-element-3722dbd elementor-section-boxed elementor-section-height-default elementor-section-height-default\" data-id=\"3722dbd\" data-element_type=\"section\" data-e-type=\"section\">\n\t\t\t\t\t\t<div class=\"elementor-container elementor-column-gap-default\">\n\t\t\t\t\t<div class=\"elementor-column elementor-col-100 elementor-inner-column elementor-element elementor-element-d51a2f2\" data-id=\"d51a2f2\" data-element_type=\"column\" data-e-type=\"column\">\n\t\t\t<div class=\"elementor-widget-wrap elementor-element-populated\">\n\t\t\t\t\t\t<div class=\"elementor-element elementor-element-59acab3 elementor-widget elementor-widget-heading\" data-id=\"59acab3\" data-element_type=\"widget\" data-e-type=\"widget\" data-widget_type=\"heading.default\">\n\t\t\t\t<div class=\"elementor-widget-container\">\n\t\t\t\t\t<h2 class=\"elementor-heading-title elementor-size-default\">PROGRAMACI\u00d3N 2025<\/h2>\t\t\t\t<\/div>\n\t\t\t\t<\/div>\n\t\t\t\t\t<\/div>\n\t\t<\/div>\n\t\t\t\t\t<\/div>\n\t\t<\/section>\n\t\t\t\t<section class=\"elementor-section elementor-inner-section elementor-element elementor-element-d3459eb elementor-section-boxed elementor-section-height-default elementor-section-height-default\" data-id=\"d3459eb\" data-element_type=\"section\" data-e-type=\"section\">\n\t\t\t\t\t\t<div class=\"elementor-container elementor-column-gap-default\">\n\t\t\t\t\t<div class=\"elementor-column elementor-col-100 elementor-inner-column elementor-element elementor-element-a3b1d74\" data-id=\"a3b1d74\" data-element_type=\"column\" data-e-type=\"column\">\n\t\t\t<div class=\"elementor-widget-wrap elementor-element-populated\">\n\t\t\t\t\t\t<div class=\"elementor-element elementor-element-202e670 elementor-widget__width-initial elementor-widget-mobile__width-initial elementor-widget elementor-widget-image\" data-id=\"202e670\" data-element_type=\"widget\" data-e-type=\"widget\" data-widget_type=\"image.default\">\n\t\t\t\t<div class=\"elementor-widget-container\">\n\t\t\t\t\t\t\t\t\t\t\t\t\t\t\t\t<a href=\"https:\/\/kktwa.com\/marbellaarena\/eventosma\/valerymelazde\">\n\t\t\t\t\t\t\t<img fetchpriority=\"high\" decoding=\"async\" width=\"536\" height=\"756\" src=\"https:\/\/kktwa.com\/marbellaarena\/wp-content\/uploads\/2024\/12\/MELADZE_UBILEY_536_756_MARBELLA-1.jpg\" class=\"attachment-medium_large size-medium_large wp-image-15839\" alt=\"\" srcset=\"https:\/\/kktwa.com\/marbellaarena\/wp-content\/uploads\/2024\/12\/MELADZE_UBILEY_536_756_MARBELLA-1.jpg 536w, https:\/\/kktwa.com\/marbellaarena\/wp-content\/uploads\/2024\/12\/MELADZE_UBILEY_536_756_MARBELLA-1-213x300.jpg 213w\" sizes=\"(max-width: 536px) 100vw, 536px\" \/>\t\t\t\t\t\t\t\t<\/a>\n\t\t\t\t\t\t\t\t\t\t\t\t\t\t\t<\/div>\n\t\t\t\t<\/div>\n\t\t\t\t\t<\/div>\n\t\t<\/div>\n\t\t\t\t\t<\/div>\n\t\t<\/section>\n\t\t\t\t\t<\/div>\n\t\t<\/div>\n\t\t\t\t\t<\/div>\n\t\t<\/section>\n\t\t\t\t<section class=\"elementor-section elementor-top-section elementor-element elementor-element-63483b0 elementor-section-boxed elementor-section-height-default elementor-section-height-default\" data-id=\"63483b0\" data-element_type=\"section\" data-e-type=\"section\">\n\t\t\t\t\t\t<div class=\"elementor-container elementor-column-gap-default\">\n\t\t\t\t\t\t<\/div>\n\t\t<\/section>\n\t\t\t\t<section class=\"elementor-section elementor-top-section elementor-element elementor-element-d65887e elementor-section-boxed elementor-section-height-default elementor-section-height-default\" data-id=\"d65887e\" data-element_type=\"section\" data-e-type=\"section\" data-settings=\"{&quot;background_background&quot;:&quot;classic&quot;}\">\n\t\t\t\t\t\t<div class=\"elementor-container elementor-column-gap-default\">\n\t\t\t\t\t<div class=\"elementor-column elementor-col-100 elementor-top-column elementor-element elementor-element-3de4a58\" data-id=\"3de4a58\" data-element_type=\"column\" data-e-type=\"column\">\n\t\t\t<div class=\"elementor-widget-wrap elementor-element-populated\">\n\t\t\t\t\t\t<div class=\"elementor-element elementor-element-0cd73bc elementor-widget elementor-widget-image\" data-id=\"0cd73bc\" data-element_type=\"widget\" data-e-type=\"widget\" data-widget_type=\"image.default\">\n\t\t\t\t<div class=\"elementor-widget-container\">\n\t\t\t\t\t\t\t\t\t\t\t\t\t\t\t<img decoding=\"async\" width=\"442\" height=\"320\" src=\"https:\/\/kktwa.com\/marbellaarena\/wp-content\/uploads\/2021\/03\/logotipoMarbellaArena.png\" class=\"attachment-large size-large wp-image-122\" alt=\"Logotipo Marbella Arena\" srcset=\"https:\/\/kktwa.com\/marbellaarena\/wp-content\/uploads\/2021\/03\/logotipoMarbellaArena.png 442w, https:\/\/kktwa.com\/marbellaarena\/wp-content\/uploads\/2021\/03\/logotipoMarbellaArena-300x217.png 300w\" sizes=\"(max-width: 442px) 100vw, 442px\" \/>\t\t\t\t\t\t\t\t\t\t\t\t\t\t\t<\/div>\n\t\t\t\t<\/div>\n\t\t\t\t<div class=\"elementor-element elementor-element-365c7e0 elementor-widget elementor-widget-text-editor\" data-id=\"365c7e0\" data-element_type=\"widget\" data-e-type=\"widget\" data-widget_type=\"text-editor.default\">\n\t\t\t\t<div class=\"elementor-widget-container\">\n\t\t\t\t\t\t\t\t\t<div class=\"page\" title=\"Page 2\"><div class=\"section\"><div class=\"layoutArea\"><div class=\"column\"><p>En caso de cancelacio\u0301n, aplazamiento o reubicacio\u0301n debe dirigirse al organizador del evento o a la tiquetera donde haya adquirido su entrada ya que Marbella Arena, como recinto que acoge el evento, no puede responsabilizarse de las obligaciones del promotor.<\/p><\/div><\/div><\/div><\/div>\t\t\t\t\t\t\t\t<\/div>\n\t\t\t\t<\/div>\n\t\t\t\t\t<\/div>\n\t\t<\/div>\n\t\t\t\t\t<\/div>\n\t\t<\/section>\n\t\t\t\t<\/div>\n\t\t","protected":false},"excerpt":{"rendered":"<p>PROGRAMACI\u00d3N 2025 En caso de cancelacio\u0301n, aplazamiento o reubicacio\u0301n debe dirigirse al organizador del evento o a la tiquetera donde haya adquirido su entrada ya que Marbella Arena, como recinto que acoge el evento, no puede responsabilizarse de las obligaciones del promotor.<\/p>\n","protected":false},"author":1,"featured_media":0,"parent":0,"menu_order":0,"comment_status":"closed","ping_status":"closed","template":"elementor_canvas","meta":{"_acf_changed":false,"footnotes":""},"class_list":["post-491","page","type-page","status-publish","hentry","entry"],"acf":[],"yoast_head":"<!-- This site is optimized with the Yoast SEO plugin v27.6 - https:\/\/yoast.com\/product\/yoast-seo-wordpress\/ -->\n<title>Programaci\u00f3n Marbella Arena &#187; M\u00fasica, humor, teatro y mucho m\u00e1s...<\/title>\n<meta name=\"description\" content=\"Eventos de m\u00fasica, humor, cine, teatro, y mucho m\u00e1s... Durante todo el a\u00f1o y para todos los p\u00fablicos. El mejor ocio junto a Puerto Ban\u00fas.\" \/>\n<meta name=\"robots\" content=\"noindex, follow, max-snippet:-1, max-image-preview:large, max-video-preview:-1\" \/>\n<meta property=\"og:locale\" content=\"es_ES\" \/>\n<meta property=\"og:type\" content=\"article\" \/>\n<meta property=\"og:title\" content=\"Programaci\u00f3n Marbella Arena &#187; M\u00fasica, humor, teatro y mucho m\u00e1s...\" \/>\n<meta property=\"og:description\" content=\"Eventos de m\u00fasica, humor, cine, teatro, y mucho m\u00e1s... Durante todo el a\u00f1o y para todos los p\u00fablicos. El mejor ocio junto a Puerto Ban\u00fas.\" \/>\n<meta property=\"og:url\" content=\"https:\/\/kktwa.com\/marbellaarena\/programacion\/\" \/>\n<meta property=\"og:site_name\" content=\"Marbella Arena\" \/>\n<meta property=\"article:publisher\" content=\"https:\/\/www.facebook.com\/marbellaarena\/\" \/>\n<meta property=\"article:modified_time\" content=\"2024-12-26T20:00:24+00:00\" \/>\n<meta property=\"og:image\" content=\"https:\/\/kktwa.com\/marbellaarena\/wp-content\/uploads\/2024\/12\/MELADZE_UBILEY_536_756_MARBELLA-1.jpg\" \/>\n\t<meta property=\"og:image:width\" content=\"536\" \/>\n\t<meta property=\"og:image:height\" content=\"756\" \/>\n\t<meta property=\"og:image:type\" content=\"image\/jpeg\" \/>\n<meta name=\"twitter:card\" content=\"summary_large_image\" \/>\n<meta name=\"twitter:site\" content=\"@marbellaarena\" \/>\n<meta name=\"twitter:label1\" content=\"Tiempo de lectura\" \/>\n\t<meta name=\"twitter:data1\" content=\"1 minuto\" \/>\n<script type=\"application\/ld+json\" class=\"yoast-schema-graph\">{\"@context\":\"https:\\\/\\\/schema.org\",\"@graph\":[{\"@type\":\"WebPage\",\"@id\":\"https:\\\/\\\/kktwa.com\\\/marbellaarena\\\/programacion\\\/\",\"url\":\"https:\\\/\\\/kktwa.com\\\/marbellaarena\\\/programacion\\\/\",\"name\":\"Programaci\u00f3n Marbella Arena &#187; M\u00fasica, humor, teatro y mucho m\u00e1s...\",\"isPartOf\":{\"@id\":\"https:\\\/\\\/kktwa.com\\\/marbellaarena\\\/#website\"},\"primaryImageOfPage\":{\"@id\":\"https:\\\/\\\/kktwa.com\\\/marbellaarena\\\/programacion\\\/#primaryimage\"},\"image\":{\"@id\":\"https:\\\/\\\/kktwa.com\\\/marbellaarena\\\/programacion\\\/#primaryimage\"},\"thumbnailUrl\":\"https:\\\/\\\/kktwa.com\\\/marbellaarena\\\/wp-content\\\/uploads\\\/2024\\\/12\\\/MELADZE_UBILEY_536_756_MARBELLA-1.jpg\",\"datePublished\":\"2024-12-24T16:11:42+00:00\",\"dateModified\":\"2024-12-26T20:00:24+00:00\",\"description\":\"Eventos de m\u00fasica, humor, cine, teatro, y mucho m\u00e1s... Durante todo el a\u00f1o y para todos los p\u00fablicos. El mejor ocio junto a Puerto Ban\u00fas.\",\"breadcrumb\":{\"@id\":\"https:\\\/\\\/kktwa.com\\\/marbellaarena\\\/programacion\\\/#breadcrumb\"},\"inLanguage\":\"es\",\"potentialAction\":[{\"@type\":\"ReadAction\",\"target\":[\"https:\\\/\\\/kktwa.com\\\/marbellaarena\\\/programacion\\\/\"]}]},{\"@type\":\"ImageObject\",\"inLanguage\":\"es\",\"@id\":\"https:\\\/\\\/kktwa.com\\\/marbellaarena\\\/programacion\\\/#primaryimage\",\"url\":\"https:\\\/\\\/kktwa.com\\\/marbellaarena\\\/wp-content\\\/uploads\\\/2024\\\/12\\\/MELADZE_UBILEY_536_756_MARBELLA-1.jpg\",\"contentUrl\":\"https:\\\/\\\/kktwa.com\\\/marbellaarena\\\/wp-content\\\/uploads\\\/2024\\\/12\\\/MELADZE_UBILEY_536_756_MARBELLA-1.jpg\",\"width\":536,\"height\":756},{\"@type\":\"BreadcrumbList\",\"@id\":\"https:\\\/\\\/kktwa.com\\\/marbellaarena\\\/programacion\\\/#breadcrumb\",\"itemListElement\":[{\"@type\":\"ListItem\",\"position\":1,\"name\":\"Portada\",\"item\":\"https:\\\/\\\/marbellaarena.com\\\/\"},{\"@type\":\"ListItem\",\"position\":2,\"name\":\"Programaci\u00f3n\"}]},{\"@type\":\"WebSite\",\"@id\":\"https:\\\/\\\/kktwa.com\\\/marbellaarena\\\/#website\",\"url\":\"https:\\\/\\\/kktwa.com\\\/marbellaarena\\\/\",\"name\":\"Marbella Arena\",\"description\":\"Conciertos musicales, eventos deportivos, humor, teatro y mucho m\u00e1s es lo que te espera en Marbella Arena. Un espacio redise\u00f1ado para el ocio y la cultura.\",\"publisher\":{\"@id\":\"https:\\\/\\\/kktwa.com\\\/marbellaarena\\\/#organization\"},\"potentialAction\":[{\"@type\":\"SearchAction\",\"target\":{\"@type\":\"EntryPoint\",\"urlTemplate\":\"https:\\\/\\\/kktwa.com\\\/marbellaarena\\\/?s={search_term_string}\"},\"query-input\":{\"@type\":\"PropertyValueSpecification\",\"valueRequired\":true,\"valueName\":\"search_term_string\"}}],\"inLanguage\":\"es\"},{\"@type\":\"Organization\",\"@id\":\"https:\\\/\\\/kktwa.com\\\/marbellaarena\\\/#organization\",\"name\":\"Marbella Arena\",\"url\":\"https:\\\/\\\/kktwa.com\\\/marbellaarena\\\/\",\"logo\":{\"@type\":\"ImageObject\",\"inLanguage\":\"es\",\"@id\":\"https:\\\/\\\/kktwa.com\\\/marbellaarena\\\/#\\\/schema\\\/logo\\\/image\\\/\",\"url\":\"https:\\\/\\\/kktwa.com\\\/marbellaarena\\\/wp-content\\\/uploads\\\/2021\\\/03\\\/logotipoMarbellaArena.png\",\"contentUrl\":\"https:\\\/\\\/kktwa.com\\\/marbellaarena\\\/wp-content\\\/uploads\\\/2021\\\/03\\\/logotipoMarbellaArena.png\",\"width\":442,\"height\":320,\"caption\":\"Marbella Arena\"},\"image\":{\"@id\":\"https:\\\/\\\/kktwa.com\\\/marbellaarena\\\/#\\\/schema\\\/logo\\\/image\\\/\"},\"sameAs\":[\"https:\\\/\\\/www.facebook.com\\\/marbellaarena\\\/\",\"https:\\\/\\\/x.com\\\/marbellaarena\",\"https:\\\/\\\/www.instagram.com\\\/marbellaarena\\\/\"]}]}<\/script>\n<!-- \/ Yoast SEO plugin. -->","yoast_head_json":{"title":"Programaci\u00f3n Marbella Arena &#187; M\u00fasica, humor, teatro y mucho m\u00e1s...","description":"Eventos de m\u00fasica, humor, cine, teatro, y mucho m\u00e1s... Durante todo el a\u00f1o y para todos los p\u00fablicos. El mejor ocio junto a Puerto Ban\u00fas.","robots":{"index":"noindex","follow":"follow","max-snippet":"max-snippet:-1","max-image-preview":"max-image-preview:large","max-video-preview":"max-video-preview:-1"},"og_locale":"es_ES","og_type":"article","og_title":"Programaci\u00f3n Marbella Arena &#187; M\u00fasica, humor, teatro y mucho m\u00e1s...","og_description":"Eventos de m\u00fasica, humor, cine, teatro, y mucho m\u00e1s... Durante todo el a\u00f1o y para todos los p\u00fablicos. El mejor ocio junto a Puerto Ban\u00fas.","og_url":"https:\/\/kktwa.com\/marbellaarena\/programacion\/","og_site_name":"Marbella Arena","article_publisher":"https:\/\/www.facebook.com\/marbellaarena\/","article_modified_time":"2024-12-26T20:00:24+00:00","og_image":[{"width":536,"height":756,"url":"https:\/\/kktwa.com\/marbellaarena\/wp-content\/uploads\/2024\/12\/MELADZE_UBILEY_536_756_MARBELLA-1.jpg","type":"image\/jpeg"}],"twitter_card":"summary_large_image","twitter_site":"@marbellaarena","twitter_misc":{"Tiempo de lectura":"1 minuto"},"schema":{"@context":"https:\/\/schema.org","@graph":[{"@type":"WebPage","@id":"https:\/\/kktwa.com\/marbellaarena\/programacion\/","url":"https:\/\/kktwa.com\/marbellaarena\/programacion\/","name":"Programaci\u00f3n Marbella Arena &#187; M\u00fasica, humor, teatro y mucho m\u00e1s...","isPartOf":{"@id":"https:\/\/kktwa.com\/marbellaarena\/#website"},"primaryImageOfPage":{"@id":"https:\/\/kktwa.com\/marbellaarena\/programacion\/#primaryimage"},"image":{"@id":"https:\/\/kktwa.com\/marbellaarena\/programacion\/#primaryimage"},"thumbnailUrl":"https:\/\/kktwa.com\/marbellaarena\/wp-content\/uploads\/2024\/12\/MELADZE_UBILEY_536_756_MARBELLA-1.jpg","datePublished":"2024-12-24T16:11:42+00:00","dateModified":"2024-12-26T20:00:24+00:00","description":"Eventos de m\u00fasica, humor, cine, teatro, y mucho m\u00e1s... Durante todo el a\u00f1o y para todos los p\u00fablicos. El mejor ocio junto a Puerto Ban\u00fas.","breadcrumb":{"@id":"https:\/\/kktwa.com\/marbellaarena\/programacion\/#breadcrumb"},"inLanguage":"es","potentialAction":[{"@type":"ReadAction","target":["https:\/\/kktwa.com\/marbellaarena\/programacion\/"]}]},{"@type":"ImageObject","inLanguage":"es","@id":"https:\/\/kktwa.com\/marbellaarena\/programacion\/#primaryimage","url":"https:\/\/kktwa.com\/marbellaarena\/wp-content\/uploads\/2024\/12\/MELADZE_UBILEY_536_756_MARBELLA-1.jpg","contentUrl":"https:\/\/kktwa.com\/marbellaarena\/wp-content\/uploads\/2024\/12\/MELADZE_UBILEY_536_756_MARBELLA-1.jpg","width":536,"height":756},{"@type":"BreadcrumbList","@id":"https:\/\/kktwa.com\/marbellaarena\/programacion\/#breadcrumb","itemListElement":[{"@type":"ListItem","position":1,"name":"Portada","item":"https:\/\/marbellaarena.com\/"},{"@type":"ListItem","position":2,"name":"Programaci\u00f3n"}]},{"@type":"WebSite","@id":"https:\/\/kktwa.com\/marbellaarena\/#website","url":"https:\/\/kktwa.com\/marbellaarena\/","name":"Marbella Arena","description":"Conciertos musicales, eventos deportivos, humor, teatro y mucho m\u00e1s es lo que te espera en Marbella Arena. Un espacio redise\u00f1ado para el ocio y la cultura.","publisher":{"@id":"https:\/\/kktwa.com\/marbellaarena\/#organization"},"potentialAction":[{"@type":"SearchAction","target":{"@type":"EntryPoint","urlTemplate":"https:\/\/kktwa.com\/marbellaarena\/?s={search_term_string}"},"query-input":{"@type":"PropertyValueSpecification","valueRequired":true,"valueName":"search_term_string"}}],"inLanguage":"es"},{"@type":"Organization","@id":"https:\/\/kktwa.com\/marbellaarena\/#organization","name":"Marbella Arena","url":"https:\/\/kktwa.com\/marbellaarena\/","logo":{"@type":"ImageObject","inLanguage":"es","@id":"https:\/\/kktwa.com\/marbellaarena\/#\/schema\/logo\/image\/","url":"https:\/\/kktwa.com\/marbellaarena\/wp-content\/uploads\/2021\/03\/logotipoMarbellaArena.png","contentUrl":"https:\/\/kktwa.com\/marbellaarena\/wp-content\/uploads\/2021\/03\/logotipoMarbellaArena.png","width":442,"height":320,"caption":"Marbella Arena"},"image":{"@id":"https:\/\/kktwa.com\/marbellaarena\/#\/schema\/logo\/image\/"},"sameAs":["https:\/\/www.facebook.com\/marbellaarena\/","https:\/\/x.com\/marbellaarena","https:\/\/www.instagram.com\/marbellaarena\/"]}]}},"_links":{"self":[{"href":"https:\/\/kktwa.com\/marbellaarena\/wp-json\/wp\/v2\/pages\/491","targetHints":{"allow":["GET"]}}],"collection":[{"href":"https:\/\/kktwa.com\/marbellaarena\/wp-json\/wp\/v2\/pages"}],"about":[{"href":"https:\/\/kktwa.com\/marbellaarena\/wp-json\/wp\/v2\/types\/page"}],"author":[{"embeddable":true,"href":"https:\/\/kktwa.com\/marbellaarena\/wp-json\/wp\/v2\/users\/1"}],"replies":[{"embeddable":true,"href":"https:\/\/kktwa.com\/marbellaarena\/wp-json\/wp\/v2\/comments?post=491"}],"version-history":[{"count":238,"href":"https:\/\/kktwa.com\/marbellaarena\/wp-json\/wp\/v2\/pages\/491\/revisions"}],"predecessor-version":[{"id":15932,"href":"https:\/\/kktwa.com\/marbellaarena\/wp-json\/wp\/v2\/pages\/491\/revisions\/15932"}],"wp:attachment":[{"href":"https:\/\/kktwa.com\/marbellaarena\/wp-json\/wp\/v2\/media?parent=491"}],"curies":[{"name":"wp","href":"https:\/\/api.w.org\/{rel}","templated":true}]}}